{"id":20,"date":"2021-03-25T12:24:07","date_gmt":"2021-03-25T12:24:07","guid":{"rendered":"https:\/\/www.nadacnifondkalich.cz\/?page_id=20"},"modified":"2023-05-22T18:00:19","modified_gmt":"2023-05-22T18:00:19","slug":"darci","status":"publish","type":"page","link":"https:\/\/www.nadacnifondkalich.cz\/index.php\/darci\/","title":{"rendered":"D\u00e1rci"},"content":{"rendered":"<p>[et_pb_section fb_built=&#8220;1&#8243; admin_label=&#8220;About Us &#8220; _builder_version=&#8220;3.22&#8243; custom_padding=&#8220;80px|0px|60px|0px||&#8220;][et_pb_row column_structure=&#8220;1_2,1_2&#8243; _builder_version=&#8220;4.9.2&#8243; module_alignment=&#8220;center&#8220; custom_margin=&#8220;|||&#8220; custom_padding=&#8220;|||&#8220;][et_pb_column type=&#8220;1_2&#8243; _builder_version=&#8220;3.25&#8243; background_color_gradient_direction=&#8220;35deg&#8220; custom_padding=&#8220;|60px||&#8220; custom_padding__hover=&#8220;|||&#8220;][et_pb_text _builder_version=&#8220;4.9.2&#8243; text_font=&#8220;||||||||&#8220; header_font=&#8220;||||||||&#8220; header_text_align=&#8220;left&#8220; header_text_color=&#8220;#2b2b2b&#8220; header_line_height=&#8220;1.3em&#8220; header_2_font=&#8220;Playfair Display|700|||||||&#8220; header_2_text_align=&#8220;left&#8220; header_2_text_color=&#8220;#2b2b2b&#8220; header_2_font_size=&#8220;42px&#8220; header_2_line_height=&#8220;1.5em&#8220; text_orientation=&#8220;center&#8220; module_alignment=&#8220;center&#8220; custom_margin=&#8220;||10px|&#8220;]<\/p>\n<h2>Pod\u011bkov\u00e1n\u00ed d\u00e1rc\u016fm<\/h2>\n<p>[\/et_pb_text][et_pb_divider color=&#8220;#f7d584&#8243; divider_weight=&#8220;3px&#8220; disabled_on=&#8220;on|on|off&#8220; _builder_version=&#8220;3.2&#8243; max_width=&#8220;80px&#8220; module_alignment=&#8220;left&#8220; height=&#8220;10px&#8220; custom_margin=&#8220;||20px|&#8220; animation_style=&#8220;slide&#8220; animation_direction=&#8220;bottom&#8220; saved_tabs=&#8220;all&#8220; locked=&#8220;off&#8220;][\/et_pb_divider][et_pb_text _builder_version=&#8220;4.9.2&#8243; text_font=&#8220;Poppins||||||||&#8220; text_text_color=&#8220;rgba(0,0,0,0.4)&#8220; text_font_size=&#8220;16px&#8220; text_line_height=&#8220;1.9em&#8220; header_font=&#8220;||||||||&#8220; header_2_font=&#8220;||||||||&#8220; module_alignment=&#8220;center&#8220; custom_margin=&#8220;||30px|&#8220;]<\/p>\n<p>Spr\u00e1vn\u00ed rada Nada\u010dn\u00edho fondu Kalich d\u011bkuje v\u0161em d\u00e1rc\u016fm, kte\u0159\u00ed podpo\u0159ili a podporuj\u00ed jeho \u010dinnost. A\u0165 ji\u017e formou finan\u010dn\u00edch dar\u016f nebo pomoc\u00ed rozvoji aktivit \u010di d\u016fv\u011brou v \u010dinnost fondu. Velmi si toho v\u00e1\u017e\u00edme.<\/p>\n<p>D\u00edky tomu m\u016f\u017eeme napl\u0148ovat posl\u00e1n\u00ed Nada\u010dn\u00edho fondu Kalich, kter\u00fdm je podpora prosp\u011b\u0161n\u00fdch aktivit vyv\u00edjen\u00fdch ve prosp\u011bch obyvatel Litom\u011b\u0159icka, Roudnicka a Sl\u00e1nska.<\/p>\n<p>\u00a0<strong>V pr\u016fb\u011bhu let n\u00e1s finan\u010dn\u011b podpo\u0159ili:<\/strong><\/p>\n<ul>\n<li>Severo\u010desk\u00e1 vod\u00e1rensk\u00e1 spole\u010dnost a.s.<\/li>\n<li>Hennlich, s.r.o.<\/li>\n<li>Institut mana\u017eersk\u00e9 ekonomie Litom\u011b\u0159ice<\/li>\n<li>Stredoeuropsk\u00e1 nadacia Bratislava<\/li>\n<li>Dobr\u00e1 realitka, s.r.o.<\/li>\n<li>KRAUN, spol. s.r.o.<\/li>\n<li>TPC INDUSTRY, a.s.<\/li>\n<li>Chl\u00e1dek a Tint\u011bra, a.s.<\/li>\n<li>TESLA Hloub\u011bt\u00edn, a.s.<\/li>\n<li>Forklift<\/li>\n<li>Balkancar<\/li>\n<li>KES Hak, s.r.o.<\/li>\n<li>m\u011bsto Litom\u011b\u0159ice<\/li>\n<li>obec M\u0161en\u00e9- l\u00e1zn\u011b<\/li>\n<li>RNDr. Alexandr Vondra<\/li>\n<li>Mgr. Ladislav Chlup\u00e1\u010d<\/li>\n<li>Mgr. Karel Krejza<\/li>\n<li>Tom\u00e1\u0161 Hlav\u00e1\u010dek<\/li>\n<li>MUDr. Ond\u0159ej \u0160t\u011brba<\/li>\n<li>Jakub Hor\u00e1k<\/li>\n<li>Martina Kej\u0159ov\u00e1<\/li>\n<\/ul>\n<p>[\/et_pb_text][\/et_pb_column][et_pb_column type=&#8220;1_2&#8243; _builder_version=&#8220;4.9.2&#8243; background_color_gradient_direction=&#8220;115deg&#8220; custom_padding=&#8220;|||&#8220; custom_padding__hover=&#8220;|||&#8220;][et_pb_image src=&#8220;https:\/\/www.nadacnifondkalich.cz\/wp-content\/uploads\/2021\/04\/DSC00099-1-scaled.jpg&#8220; title_text=&#8220;DSC00099&#8243; align=&#8220;center&#8220; _builder_version=&#8220;4.9.2&#8243; custom_margin=&#8220;-15px|40px|40px|-40px|false|false&#8220; custom_padding=&#8220;|||&#8220; animation_style=&#8220;zoom&#8220; animation_direction=&#8220;right&#8220; animation_intensity_zoom=&#8220;6%&#8220; animation_starting_opacity=&#8220;100%&#8220; box_shadow_style=&#8220;preset3&#8243; box_shadow_horizontal=&#8220;13px&#8220; box_shadow_vertical=&#8220;42px&#8220; box_shadow_blur=&#8220;45px&#8220; box_shadow_spread=&#8220;-3px&#8220; box_shadow_color=&#8220;rgba(0,0,0,0.1)&#8220; always_center_on_mobile=&#8220;off&#8220;][\/et_pb_image][\/et_pb_column][\/et_pb_row][\/et_pb_section][et_pb_section fb_built=&#8220;1&#8243; admin_label=&#8220;Collections&#8220; _builder_version=&#8220;3.22&#8243; custom_padding=&#8220;60px|0px|1px|0px||&#8220;][\/et_pb_section]<\/p>\n","protected":false},"excerpt":{"rendered":"<p>[et_pb_section fb_built=&#8220;1&#8243; admin_label=&#8220;About Us &#8220; _builder_version=&#8220;3.22&#8243; custom_padding=&#8220;80px|0px|60px|0px||&#8220;][et_pb_row column_structure=&#8220;1_2,1_2&#8243; _builder_version=&#8220;4.9.2&#8243; module_alignment=&#8220;center&#8220; custom_margin=&#8220;|||&#8220; custom_padding=&#8220;|||&#8220;][et_pb_column type=&#8220;1_2&#8243; _builder_version=&#8220;3.25&#8243; background_color_gradient_direction=&#8220;35deg&#8220; custom_padding=&#8220;|60px||&#8220; custom_padding__hover=&#8220;|||&#8220;][et_pb_text _builder_version=&#8220;4.9.2&#8243; text_font=&#8220;||||||||&#8220; header_font=&#8220;||||||||&#8220; header_text_align=&#8220;left&#8220; header_text_color=&#8220;#2b2b2b&#8220; header_line_height=&#8220;1.3em&#8220; header_2_font=&#8220;Playfair Display|700|||||||&#8220; header_2_text_align=&#8220;left&#8220; header_2_text_color=&#8220;#2b2b2b&#8220; header_2_font_size=&#8220;42px&#8220; header_2_line_height=&#8220;1.5em&#8220; text_orientation=&#8220;center&#8220; module_alignment=&#8220;center&#8220; custom_margin=&#8220;||10px|&#8220;] Pod\u011bkov\u00e1n\u00ed d\u00e1rc\u016fm [\/et_pb_text][et_pb_divider color=&#8220;#f7d584&#8243; divider_weight=&#8220;3px&#8220; disabled_on=&#8220;on|on|off&#8220; _builder_version=&#8220;3.2&#8243; max_width=&#8220;80px&#8220; module_alignment=&#8220;left&#8220; height=&#8220;10px&#8220; custom_margin=&#8220;||20px|&#8220; animation_style=&#8220;slide&#8220; animation_direction=&#8220;bottom&#8220; saved_tabs=&#8220;all&#8220; locked=&#8220;off&#8220;][\/et_pb_divider][et_pb_text _builder_version=&#8220;4.9.2&#8243; text_font=&#8220;Poppins||||||||&#8220; text_text_color=&#8220;rgba(0,0,0,0.4)&#8220; text_font_size=&#8220;16px&#8220; text_line_height=&#8220;1.9em&#8220; header_font=&#8220;||||||||&#8220; header_2_font=&#8220;||||||||&#8220; module_alignment=&#8220;center&#8220; [&hellip;]<\/p>\n","protected":false},"author":2,"featured_media":0,"parent":0,"menu_order":0,"comment_status":"closed","ping_status":"closed","template":"","meta":{"_et_pb_use_builder":"on","_et_pb_old_content":"<!-- wp:divi\/placeholder \/-->","_et_gb_content_width":""},"_links":{"self":[{"href":"https:\/\/www.nadacnifondkalich.cz\/index.php\/wp-json\/wp\/v2\/pages\/20"}],"collection":[{"href":"https:\/\/www.nadacnifondkalich.cz\/index.php\/wp-json\/wp\/v2\/pages"}],"about":[{"href":"https:\/\/www.nadacnifondkalich.cz\/index.php\/wp-json\/wp\/v2\/types\/page"}],"author":[{"embeddable":true,"href":"https:\/\/www.nadacnifondkalich.cz\/index.php\/wp-json\/wp\/v2\/users\/2"}],"replies":[{"embeddable":true,"href":"https:\/\/www.nadacnifondkalich.cz\/index.php\/wp-json\/wp\/v2\/comments?post=20"}],"version-history":[{"count":9,"href":"https:\/\/www.nadacnifondkalich.cz\/index.php\/wp-json\/wp\/v2\/pages\/20\/revisions"}],"predecessor-version":[{"id":1974,"href":"https:\/\/www.nadacnifondkalich.cz\/index.php\/wp-json\/wp\/v2\/pages\/20\/revisions\/1974"}],"wp:attachment":[{"href":"https:\/\/www.nadacnifondkalich.cz\/index.php\/wp-json\/wp\/v2\/media?parent=20"}],"curies":[{"name":"wp","href":"https:\/\/api.w.org\/{rel}","templated":true}]}}