{"id":1268,"date":"2021-06-01T08:10:43","date_gmt":"2021-06-01T08:10:43","guid":{"rendered":"https:\/\/www.nadacnifondkalich.cz\/?page_id=1268"},"modified":"2022-01-25T14:39:36","modified_gmt":"2022-01-25T14:39:36","slug":"vzdelavani","status":"publish","type":"page","link":"https:\/\/www.nadacnifondkalich.cz\/index.php\/vzdelavani\/","title":{"rendered":"Vzd\u011bl\u00e1v\u00e1n\u00ed"},"content":{"rendered":"<p>[et_pb_section fb_built=&#8220;1&#8243; _builder_version=&#8220;4.9.2&#8243; _module_preset=&#8220;default&#8220;][et_pb_row _builder_version=&#8220;4.9.2&#8243; _module_preset=&#8220;default&#8220;][et_pb_column type=&#8220;4_4&#8243; _builder_version=&#8220;4.9.2&#8243; _module_preset=&#8220;default&#8220;][et_pb_text _builder_version=&#8220;4.9.2&#8243; text_font=&#8220;||||||||&#8220; header_font=&#8220;||||||||&#8220; header_text_align=&#8220;left&#8220; header_text_color=&#8220;#2b2b2b&#8220; header_line_height=&#8220;1.3em&#8220; header_2_font=&#8220;Playfair Display|700|||||||&#8220; header_2_text_align=&#8220;left&#8220; header_2_text_color=&#8220;#2b2b2b&#8220; header_2_font_size=&#8220;42px&#8220; header_2_line_height=&#8220;1.5em&#8220; text_orientation=&#8220;center&#8220; module_alignment=&#8220;center&#8220; custom_margin=&#8220;||10px|&#8220; locked=&#8220;off&#8220;]<\/p>\n<h2>Vzd\u011bl\u00e1v\u00e1n\u00ed<\/h2>\n<p>[\/et_pb_text][et_pb_divider color=&#8220;#f7d584&#8243; divider_weight=&#8220;3px&#8220; disabled_on=&#8220;on|on|off&#8220; _builder_version=&#8220;3.2&#8243; max_width=&#8220;80px&#8220; module_alignment=&#8220;left&#8220; height=&#8220;10px&#8220; custom_margin=&#8220;||20px|&#8220; animation_style=&#8220;slide&#8220; animation_direction=&#8220;bottom&#8220; saved_tabs=&#8220;all&#8220; locked=&#8220;off&#8220;][\/et_pb_divider][\/et_pb_column][\/et_pb_row][et_pb_row make_equal=&#8220;on&#8220; _builder_version=&#8220;4.9.2&#8243; module_alignment=&#8220;center&#8220; custom_margin=&#8220;|auto|-1px|auto||&#8220; custom_padding=&#8220;0px||0px|&#8220; box_shadow_style=&#8220;preset3&#8243; box_shadow_vertical=&#8220;40px&#8220; box_shadow_blur=&#8220;50px&#8220; box_shadow_color=&#8220;rgba(0,0,0,0.1)&#8220;][et_pb_column type=&#8220;4_4&#8243; _builder_version=&#8220;4.9.2&#8243; background_color_gradient_direction=&#8220;35deg&#8220; custom_padding=&#8220;|5%||5%&#8220; custom_padding__hover=&#8220;|||&#8220;][et_pb_text _builder_version=&#8220;4.9.2&#8243; text_font=&#8220;Poppins||||||||&#8220; text_text_color=&#8220;rgba(0,0,0,0.4)&#8220; text_font_size=&#8220;16px&#8220; text_line_height=&#8220;1.9em&#8220; header_font=&#8220;||||||||&#8220; header_2_font=&#8220;||||||||&#8220; width=&#8220;600px&#8220; module_alignment=&#8220;left&#8220; custom_margin=&#8220;||30px|&#8220; hover_enabled=&#8220;0&#8243; sticky_enabled=&#8220;0&#8243;]<\/p>\n<p>* Litom\u011b\u0159ick\u00e9 nad\u011bje &#8211; v roce 2016 zah\u00e1jen\u00e1 tradice je organizovan\u00e1 ve spolupr\u00e1ci s m\u011bstem Litom\u011b\u0159ice s c\u00edlem ocenit mimo\u0159\u00e1dn\u011b nadan\u00e9 d\u011bti, poblahop\u0159\u00e1t jim k vynikajic\u00edm \u00fasp\u011bch\u016fm, pod\u011bkovat za vzornou reprezentaci \u0161kol i cel\u00e9ho m\u011bsta a motivovat je k dal\u0161\u00ed pr\u00e1ci. \u017d\u00e1ci i studenti jsou nominov\u00e1ni \u0159edteli z\u00e1kladn\u00edch \u0161kol a ZU\u0160. Cen\u011bna je i pomoc slab\u0161\u00edm spolu\u017e\u00e1k\u016fm nebo dobrovoln\u00e9 aktivity odv\u00e1d\u011bn\u00e9 ve prosp\u011bch \u0161koly i m\u011bsta.<\/p>\n<p>* Panelov\u00e1 diskuse s ekonomem a \u010dlenem N\u00e1rodn\u00ed ekonomick\u00e9 rady Vl\u00e1dy \u010cR Tom\u00e1\u0161em Sedl\u00e1\u010dkem v Litom\u011b\u0159ic\u00edch<\/p>\n<p>* Diskuse s guvern\u00e9rem \u010cesk\u00e9 n\u00e1rodn\u00ed banky TOm\u00e1\u0161em Singerem v Litom\u011b\u0159ic\u00edch na t\u00e9ma o\u010dek\u00e1van\u00e9ho ekonomick\u00e9ho v\u00fdvoje v \u010cR<\/p>\n<p>* Pozn\u00e1vac\u00ed a vzd\u011bl\u00e1vac\u00ed cesta student\u016f Gymn\u00e1zia Josefa Jungmanna v Litom\u011b\u0159ic\u00edch do s\u00eddla Evropsk\u00e9ho parlamentu<\/p>\n<p>* Podpora vzniku Technick\u00e9ho klubu ml\u00e1de\u017ee v Litom\u011b\u0159ic\u00edch n\u00e1kupem prvn\u00ed robotick\u00e9 sady<\/p>\n<p>* Vyd\u00e1n\u00ed publikac\u00ed podpo\u0159en\u00fdch NF Kalich: p\u0159\u00edb\u011bhy \u017eidovsk\u00fdch rodin z T\u0159ebenic od Tom\u00e1\u0161e Rotbauera, publikace obsahuj\u00edc\u00ed pam\u011bti na letce RAF s ko\u0159eny z Lovosicka, sborn\u00edk Historie Sl\u00e1nska apod.<\/p>\n<p>&nbsp;<\/p>\n<p>[\/et_pb_text][\/et_pb_column][\/et_pb_row][et_pb_row _builder_version=&#8220;3.25&#8243;][et_pb_column type=&#8220;4_4&#8243; _builder_version=&#8220;3.25&#8243; custom_padding=&#8220;|||&#8220; custom_padding__hover=&#8220;|||&#8220;][et_pb_blog fullwidth=&#8220;off&#8220; posts_number=&#8220;100&#8243; include_categories=&#8220;8&#8243; excerpt_length=&#8220;170&#8243; show_more=&#8220;on&#8220; show_author=&#8220;off&#8220; show_date=&#8220;off&#8220; show_categories=&#8220;off&#8220; show_pagination=&#8220;off&#8220; _builder_version=&#8220;4.9.2&#8243; header_font=&#8220;Playfair Display|700|||||||&#8220; header_text_color=&#8220;#1b1b22&#8243; header_font_size=&#8220;18px&#8220; header_line_height=&#8220;1.5em&#8220; body_font=&#8220;Poppins||||||||&#8220; body_text_color=&#8220;rgba(0,0,0,0.4)&#8220; body_line_height=&#8220;1.9em&#8220; meta_font=&#8220;Poppins|600||on|||||&#8220; meta_text_color=&#8220;rgba(0,0,0,0.2)&#8220; meta_font_size=&#8220;12px&#8220; meta_line_height=&#8220;1.8em&#8220; pagination_font=&#8220;||||||||&#8220; animation_style=&#8220;fade&#8220; border_width_all=&#8220;0px&#8220; border_color_all=&#8220;#d8d8d8&#8243; border_style_all=&#8220;solid&#8220; border_width_all_fullwidth=&#8220;0px&#8220; border_color_all_fullwidth=&#8220;#d8d8d8&#8243; border_style_all_fullwidth=&#8220;solid&#8220; box_shadow_style=&#8220;preset1&#8243; box_shadow_vertical=&#8220;40px&#8220; box_shadow_blur=&#8220;50px&#8220; box_shadow_color=&#8220;rgba(0,0,0,0.05)&#8220; use_border_color=&#8220;on&#8220; border_width=&#8220;0px&#8220;][\/et_pb_blog][\/et_pb_column][\/et_pb_row][\/et_pb_section]<\/p>\n","protected":false},"excerpt":{"rendered":"<p>[et_pb_section fb_built=&#8220;1&#8243; _builder_version=&#8220;4.9.2&#8243; _module_preset=&#8220;default&#8220;][et_pb_row _builder_version=&#8220;4.9.2&#8243; _module_preset=&#8220;default&#8220;][et_pb_column type=&#8220;4_4&#8243; _builder_version=&#8220;4.9.2&#8243; _module_preset=&#8220;default&#8220;][et_pb_text _builder_version=&#8220;4.9.2&#8243; text_font=&#8220;||||||||&#8220; header_font=&#8220;||||||||&#8220; header_text_align=&#8220;left&#8220; header_text_color=&#8220;#2b2b2b&#8220; header_line_height=&#8220;1.3em&#8220; header_2_font=&#8220;Playfair Display|700|||||||&#8220; header_2_text_align=&#8220;left&#8220; header_2_text_color=&#8220;#2b2b2b&#8220; header_2_font_size=&#8220;42px&#8220; header_2_line_height=&#8220;1.5em&#8220; text_orientation=&#8220;center&#8220; module_alignment=&#8220;center&#8220; custom_margin=&#8220;||10px|&#8220; locked=&#8220;off&#8220;] Vzd\u011bl\u00e1v\u00e1n\u00ed [\/et_pb_text][et_pb_divider color=&#8220;#f7d584&#8243; divider_weight=&#8220;3px&#8220; disabled_on=&#8220;on|on|off&#8220; _builder_version=&#8220;3.2&#8243; max_width=&#8220;80px&#8220; module_alignment=&#8220;left&#8220; height=&#8220;10px&#8220; custom_margin=&#8220;||20px|&#8220; animation_style=&#8220;slide&#8220; animation_direction=&#8220;bottom&#8220; saved_tabs=&#8220;all&#8220; locked=&#8220;off&#8220;][\/et_pb_divider][\/et_pb_column][\/et_pb_row][et_pb_row make_equal=&#8220;on&#8220; _builder_version=&#8220;4.9.2&#8243; module_alignment=&#8220;center&#8220; custom_margin=&#8220;|auto|-1px|auto||&#8220; custom_padding=&#8220;0px||0px|&#8220; box_shadow_style=&#8220;preset3&#8243; box_shadow_vertical=&#8220;40px&#8220; box_shadow_blur=&#8220;50px&#8220; box_shadow_color=&#8220;rgba(0,0,0,0.1)&#8220;][et_pb_column type=&#8220;4_4&#8243; _builder_version=&#8220;4.9.2&#8243; background_color_gradient_direction=&#8220;35deg&#8220; custom_padding=&#8220;|5%||5%&#8220; custom_padding__hover=&#8220;|||&#8220;][et_pb_text _builder_version=&#8220;4.9.2&#8243; text_font=&#8220;Poppins||||||||&#8220; [&hellip;]<\/p>\n","protected":false},"author":2,"featured_media":0,"parent":0,"menu_order":0,"comment_status":"closed","ping_status":"closed","template":"","meta":{"_et_pb_use_builder":"on","_et_pb_old_content":"","_et_gb_content_width":""},"_links":{"self":[{"href":"https:\/\/www.nadacnifondkalich.cz\/index.php\/wp-json\/wp\/v2\/pages\/1268"}],"collection":[{"href":"https:\/\/www.nadacnifondkalich.cz\/index.php\/wp-json\/wp\/v2\/pages"}],"about":[{"href":"https:\/\/www.nadacnifondkalich.cz\/index.php\/wp-json\/wp\/v2\/types\/page"}],"author":[{"embeddable":true,"href":"https:\/\/www.nadacnifondkalich.cz\/index.php\/wp-json\/wp\/v2\/users\/2"}],"replies":[{"embeddable":true,"href":"https:\/\/www.nadacnifondkalich.cz\/index.php\/wp-json\/wp\/v2\/comments?post=1268"}],"version-history":[{"count":3,"href":"https:\/\/www.nadacnifondkalich.cz\/index.php\/wp-json\/wp\/v2\/pages\/1268\/revisions"}],"predecessor-version":[{"id":1792,"href":"https:\/\/www.nadacnifondkalich.cz\/index.php\/wp-json\/wp\/v2\/pages\/1268\/revisions\/1792"}],"wp:attachment":[{"href":"https:\/\/www.nadacnifondkalich.cz\/index.php\/wp-json\/wp\/v2\/media?parent=1268"}],"curies":[{"name":"wp","href":"https:\/\/api.w.org\/{rel}","templated":true}]}}