{"id":1260,"date":"2021-06-01T08:06:29","date_gmt":"2021-06-01T08:06:29","guid":{"rendered":"https:\/\/www.nadacnifondkalich.cz\/?page_id=1260"},"modified":"2022-01-25T14:25:51","modified_gmt":"2022-01-25T14:25:51","slug":"charitativni-cinnost","status":"publish","type":"page","link":"https:\/\/www.nadacnifondkalich.cz\/index.php\/charitativni-cinnost\/","title":{"rendered":"Charitativn\u00ed \u010dinnost"},"content":{"rendered":"<p>[et_pb_section fb_built=&#8220;1&#8243; _builder_version=&#8220;4.9.2&#8243; _module_preset=&#8220;default&#8220;][et_pb_row _builder_version=&#8220;4.9.2&#8243; _module_preset=&#8220;default&#8220;][et_pb_column type=&#8220;4_4&#8243; _builder_version=&#8220;4.9.2&#8243; _module_preset=&#8220;default&#8220;][et_pb_text _builder_version=&#8220;4.9.2&#8243; text_font=&#8220;||||||||&#8220; header_font=&#8220;||||||||&#8220; header_text_align=&#8220;left&#8220; header_text_color=&#8220;#2b2b2b&#8220; header_line_height=&#8220;1.3em&#8220; header_2_font=&#8220;Playfair Display|700|||||||&#8220; header_2_text_align=&#8220;left&#8220; header_2_text_color=&#8220;#2b2b2b&#8220; header_2_font_size=&#8220;42px&#8220; header_2_line_height=&#8220;1.5em&#8220; text_orientation=&#8220;center&#8220; module_alignment=&#8220;center&#8220; custom_margin=&#8220;||10px|&#8220; locked=&#8220;off&#8220;]<\/p>\n<h2>Charitativn\u00ed \u010dinnost<\/h2>\n<p>[\/et_pb_text][et_pb_divider color=&#8220;#f7d584&#8243; divider_weight=&#8220;3px&#8220; disabled_on=&#8220;on|on|off&#8220; _builder_version=&#8220;3.2&#8243; max_width=&#8220;80px&#8220; module_alignment=&#8220;left&#8220; height=&#8220;10px&#8220; custom_margin=&#8220;||20px|&#8220; animation_style=&#8220;slide&#8220; animation_direction=&#8220;bottom&#8220; saved_tabs=&#8220;all&#8220; locked=&#8220;off&#8220;][\/et_pb_divider][\/et_pb_column][\/et_pb_row][et_pb_row make_equal=&#8220;on&#8220; _builder_version=&#8220;4.9.2&#8243; module_alignment=&#8220;center&#8220; custom_margin=&#8220;|auto|-1px|auto||&#8220; custom_padding=&#8220;0px||0px|&#8220; box_shadow_style=&#8220;preset3&#8243; box_shadow_vertical=&#8220;40px&#8220; box_shadow_blur=&#8220;50px&#8220; box_shadow_color=&#8220;rgba(0,0,0,0.1)&#8220;][et_pb_column type=&#8220;4_4&#8243; _builder_version=&#8220;4.9.2&#8243; background_color_gradient_direction=&#8220;35deg&#8220; custom_padding=&#8220;|5%||5%&#8220; custom_padding__hover=&#8220;|||&#8220;][et_pb_text _builder_version=&#8220;4.9.2&#8243; text_font=&#8220;Poppins||||||||&#8220; text_text_color=&#8220;rgba(0,0,0,0.4)&#8220; text_font_size=&#8220;16px&#8220; text_line_height=&#8220;1.9em&#8220; header_font=&#8220;||||||||&#8220; header_2_font=&#8220;||||||||&#8220; width=&#8220;600px&#8220; module_alignment=&#8220;left&#8220; custom_margin=&#8220;||30px|&#8220; hover_enabled=&#8220;0&#8243; sticky_enabled=&#8220;0&#8243;]<\/p>\n<p>* Strom spln\u011bn\u00fdch p\u0159\u00e1n\u00ed &#8211; Rozz\u00e1\u0159en\u00e9 \u00fasm\u011bvy d\u011bt\u00ed z litom\u011b\u0159ick\u00e9ho Klok\u00e1nku jsou ka\u017edoro\u010dn\u011b pro \u010dleny spr\u00e1vn\u00ed rady NF Kalich nejkr\u00e1sn\u011bj\u0161\u00ed odm\u011bnou za spole\u010dn\u00e9 zp\u00edv\u00e1n\u00ed koled u v\u00e1no\u010dn\u00edho stromku a n\u00e1kup d\u00e1rk\u016f d\u011btem, kter\u00e9 nemohou b\u00fdt se sv\u00fdmi rodi\u010di<\/p>\n<p>* P\u0159\u00edsp\u011bvek na n\u00e1kup soci\u00e1ln\u00edho automobilu pro D\u011btsk\u00fd domov v Dla\u017ekovic\u00edch<\/p>\n<p>* N\u00e1kup notebooku pro chlapce ze Lk\u00e1n\u011b upoutan\u00e9ho na invalidn\u00ed voz\u00edk<\/p>\n<p>* Pomoc s vybaven\u00edm K-klubu ur\u010den\u00e9ho d\u011btem ze soi\u00e1ln\u011b zn\u011bv\u00fdhodn\u011bn\u00fdch rodin na Sl\u00e1nsku<\/p>\n<p>* N\u00e1kup invalidn\u00edho voz\u00edku pro Svaz t\u011blesn\u011b posti\u017een\u00fdch ve \u0160t\u011bt\u00ed<\/p>\n<p>* Rehabilita\u010dn\u00ed pom\u016fcky pro Domov d\u016fchodc\u016f v Roudnici nad Labem<\/p>\n<p>* N\u00e1kup notebook\u016f v dob\u011b pandemie pro d\u011bti \u017eij\u00edc\u00ed v litom\u011b\u0159ick\u00e9m Klok\u00e1nku<\/p>\n<p>apod.<\/p>\n<p>[\/et_pb_text][\/et_pb_column][\/et_pb_row][et_pb_row _builder_version=&#8220;3.25&#8243;][et_pb_column type=&#8220;4_4&#8243; _builder_version=&#8220;3.25&#8243; custom_padding=&#8220;|||&#8220; custom_padding__hover=&#8220;|||&#8220;][et_pb_blog fullwidth=&#8220;off&#8220; posts_number=&#8220;100&#8243; include_categories=&#8220;13&#8243; excerpt_length=&#8220;170&#8243; show_more=&#8220;on&#8220; show_author=&#8220;off&#8220; show_date=&#8220;off&#8220; show_categories=&#8220;off&#8220; _builder_version=&#8220;4.9.2&#8243; header_font=&#8220;Playfair Display|700|||||||&#8220; header_text_color=&#8220;#1b1b22&#8243; header_font_size=&#8220;18px&#8220; header_line_height=&#8220;1.5em&#8220; body_font=&#8220;Poppins||||||||&#8220; body_text_color=&#8220;rgba(0,0,0,0.4)&#8220; body_line_height=&#8220;1.9em&#8220; meta_font=&#8220;Poppins|600||on|||||&#8220; meta_text_color=&#8220;rgba(0,0,0,0.2)&#8220; meta_font_size=&#8220;12px&#8220; meta_line_height=&#8220;1.8em&#8220; pagination_font=&#8220;||||||||&#8220; animation_style=&#8220;fade&#8220; border_width_all=&#8220;0px&#8220; border_color_all=&#8220;#d8d8d8&#8243; border_style_all=&#8220;solid&#8220; border_width_all_fullwidth=&#8220;0px&#8220; border_color_all_fullwidth=&#8220;#d8d8d8&#8243; border_style_all_fullwidth=&#8220;solid&#8220; box_shadow_style=&#8220;preset1&#8243; box_shadow_vertical=&#8220;40px&#8220; box_shadow_blur=&#8220;50px&#8220; box_shadow_color=&#8220;rgba(0,0,0,0.05)&#8220; use_border_color=&#8220;on&#8220; border_width=&#8220;0px&#8220;][\/et_pb_blog][\/et_pb_column][\/et_pb_row][\/et_pb_section]<\/p>\n","protected":false},"excerpt":{"rendered":"<p>[et_pb_section fb_built=&#8220;1&#8243; _builder_version=&#8220;4.9.2&#8243; _module_preset=&#8220;default&#8220;][et_pb_row _builder_version=&#8220;4.9.2&#8243; _module_preset=&#8220;default&#8220;][et_pb_column type=&#8220;4_4&#8243; _builder_version=&#8220;4.9.2&#8243; _module_preset=&#8220;default&#8220;][et_pb_text _builder_version=&#8220;4.9.2&#8243; text_font=&#8220;||||||||&#8220; header_font=&#8220;||||||||&#8220; header_text_align=&#8220;left&#8220; header_text_color=&#8220;#2b2b2b&#8220; header_line_height=&#8220;1.3em&#8220; header_2_font=&#8220;Playfair Display|700|||||||&#8220; header_2_text_align=&#8220;left&#8220; header_2_text_color=&#8220;#2b2b2b&#8220; header_2_font_size=&#8220;42px&#8220; header_2_line_height=&#8220;1.5em&#8220; text_orientation=&#8220;center&#8220; module_alignment=&#8220;center&#8220; custom_margin=&#8220;||10px|&#8220; locked=&#8220;off&#8220;] Charitativn\u00ed \u010dinnost [\/et_pb_text][et_pb_divider color=&#8220;#f7d584&#8243; divider_weight=&#8220;3px&#8220; disabled_on=&#8220;on|on|off&#8220; _builder_version=&#8220;3.2&#8243; max_width=&#8220;80px&#8220; module_alignment=&#8220;left&#8220; height=&#8220;10px&#8220; custom_margin=&#8220;||20px|&#8220; animation_style=&#8220;slide&#8220; animation_direction=&#8220;bottom&#8220; saved_tabs=&#8220;all&#8220; locked=&#8220;off&#8220;][\/et_pb_divider][\/et_pb_column][\/et_pb_row][et_pb_row make_equal=&#8220;on&#8220; _builder_version=&#8220;4.9.2&#8243; module_alignment=&#8220;center&#8220; custom_margin=&#8220;|auto|-1px|auto||&#8220; custom_padding=&#8220;0px||0px|&#8220; box_shadow_style=&#8220;preset3&#8243; box_shadow_vertical=&#8220;40px&#8220; box_shadow_blur=&#8220;50px&#8220; box_shadow_color=&#8220;rgba(0,0,0,0.1)&#8220;][et_pb_column type=&#8220;4_4&#8243; _builder_version=&#8220;4.9.2&#8243; background_color_gradient_direction=&#8220;35deg&#8220; custom_padding=&#8220;|5%||5%&#8220; custom_padding__hover=&#8220;|||&#8220;][et_pb_text _builder_version=&#8220;4.9.2&#8243; [&hellip;]<\/p>\n","protected":false},"author":2,"featured_media":0,"parent":0,"menu_order":0,"comment_status":"closed","ping_status":"closed","template":"","meta":{"_et_pb_use_builder":"on","_et_pb_old_content":"","_et_gb_content_width":""},"_links":{"self":[{"href":"https:\/\/www.nadacnifondkalich.cz\/index.php\/wp-json\/wp\/v2\/pages\/1260"}],"collection":[{"href":"https:\/\/www.nadacnifondkalich.cz\/index.php\/wp-json\/wp\/v2\/pages"}],"about":[{"href":"https:\/\/www.nadacnifondkalich.cz\/index.php\/wp-json\/wp\/v2\/types\/page"}],"author":[{"embeddable":true,"href":"https:\/\/www.nadacnifondkalich.cz\/index.php\/wp-json\/wp\/v2\/users\/2"}],"replies":[{"embeddable":true,"href":"https:\/\/www.nadacnifondkalich.cz\/index.php\/wp-json\/wp\/v2\/comments?post=1260"}],"version-history":[{"count":3,"href":"https:\/\/www.nadacnifondkalich.cz\/index.php\/wp-json\/wp\/v2\/pages\/1260\/revisions"}],"predecessor-version":[{"id":1781,"href":"https:\/\/www.nadacnifondkalich.cz\/index.php\/wp-json\/wp\/v2\/pages\/1260\/revisions\/1781"}],"wp:attachment":[{"href":"https:\/\/www.nadacnifondkalich.cz\/index.php\/wp-json\/wp\/v2\/media?parent=1260"}],"curies":[{"name":"wp","href":"https:\/\/api.w.org\/{rel}","templated":true}]}}