{"id":1253,"date":"2021-06-01T08:02:53","date_gmt":"2021-06-01T08:02:53","guid":{"rendered":"https:\/\/www.nadacnifondkalich.cz\/?page_id=1253"},"modified":"2022-01-25T14:47:39","modified_gmt":"2022-01-25T14:47:39","slug":"beneficni-koncerty","status":"publish","type":"page","link":"https:\/\/www.nadacnifondkalich.cz\/index.php\/beneficni-koncerty\/","title":{"rendered":"Benefi\u010dn\u00ed koncerty"},"content":{"rendered":"<p>[et_pb_section fb_built=&#8220;1&#8243; _builder_version=&#8220;4.9.2&#8243; _module_preset=&#8220;default&#8220;][et_pb_row _builder_version=&#8220;4.9.2&#8243; _module_preset=&#8220;default&#8220;][et_pb_column type=&#8220;4_4&#8243; _builder_version=&#8220;4.9.2&#8243; _module_preset=&#8220;default&#8220;][et_pb_text _builder_version=&#8220;4.9.2&#8243; text_font=&#8220;||||||||&#8220; header_font=&#8220;||||||||&#8220; header_text_align=&#8220;left&#8220; header_text_color=&#8220;#2b2b2b&#8220; header_line_height=&#8220;1.3em&#8220; header_2_font=&#8220;Playfair Display|700|||||||&#8220; header_2_text_align=&#8220;left&#8220; header_2_text_color=&#8220;#2b2b2b&#8220; header_2_font_size=&#8220;42px&#8220; header_2_line_height=&#8220;1.5em&#8220; text_orientation=&#8220;center&#8220; module_alignment=&#8220;center&#8220; custom_margin=&#8220;||10px|&#8220; locked=&#8220;off&#8220;]<\/p>\n<h2>Benefi\u010dn\u00ed koncerty<\/h2>\n<p>[\/et_pb_text][et_pb_divider color=&#8220;#f7d584&#8243; divider_weight=&#8220;3px&#8220; disabled_on=&#8220;on|on|off&#8220; _builder_version=&#8220;3.2&#8243; max_width=&#8220;80px&#8220; module_alignment=&#8220;left&#8220; height=&#8220;10px&#8220; custom_margin=&#8220;||20px|&#8220; animation_style=&#8220;slide&#8220; animation_direction=&#8220;bottom&#8220; saved_tabs=&#8220;all&#8220; locked=&#8220;off&#8220;][\/et_pb_divider][\/et_pb_column][\/et_pb_row][et_pb_row make_equal=&#8220;on&#8220; _builder_version=&#8220;4.9.2&#8243; module_alignment=&#8220;center&#8220; custom_margin=&#8220;|auto|-1px|auto||&#8220; custom_padding=&#8220;0px||0px|&#8220; hover_enabled=&#8220;0&#8243; box_shadow_style=&#8220;preset3&#8243; box_shadow_vertical=&#8220;40px&#8220; box_shadow_blur=&#8220;50px&#8220; box_shadow_color=&#8220;rgba(0,0,0,0.1)&#8220; sticky_enabled=&#8220;0&#8243;][et_pb_column type=&#8220;4_4&#8243; _builder_version=&#8220;4.9.2&#8243; background_color_gradient_direction=&#8220;35deg&#8220; custom_padding=&#8220;|5%||5%&#8220; custom_padding__hover=&#8220;|||&#8220;][et_pb_text _builder_version=&#8220;4.9.2&#8243; text_font=&#8220;Poppins||||||||&#8220; text_text_color=&#8220;rgba(0,0,0,0.4)&#8220; text_font_size=&#8220;16px&#8220; text_line_height=&#8220;1.9em&#8220; header_font=&#8220;||||||||&#8220; header_2_font=&#8220;||||||||&#8220; width=&#8220;600px&#8220; module_alignment=&#8220;left&#8220; custom_margin=&#8220;||30px|&#8220;]<\/p>\n<p style=\"text-align: left;\"><span>Nezam\u011bnitelnou atmosf\u00e9ru maj\u00ed jak koncerty po\u0159\u00e1dan\u00e9 pod \u0161ir\u00fdm nebem na D\u00f3msk\u00e9m n\u00e1m\u011bst\u00ed, tak i ty v Kulturn\u00edm a konferen\u010dn\u00edm centru Litom\u011b\u0159ice.<\/span><\/p>\n<p style=\"text-align: left;\"><span>N\u00ed\u017ee uv\u00e1d\u00edme v\u00fdt\u011b\u017eky ze vstupn\u00e9ho z jednotliv\u00fdch let. Nicm\u00e9n\u011b ve skute\u010dnosti jsou mnohon\u00e1sobn\u011b vy\u0161\u0161\u00ed, proto\u017ee k iniciativ\u011b NF Kalich se p\u0159id\u00e1vaj\u00ed dal\u0161\u00ed d\u00e1rci, v\u010detn\u011b m\u011bsta Litom\u011b\u0159ice, kter\u00e9 je v posledn\u00edch letech partnerem a podporovatelem projektu.<\/span><\/p>\n<p style=\"text-align: left;\"><span>Interpreti a v\u00fdt\u011b\u017eky ze vstupn\u00e9ho:<\/span><\/p>\n<p style=\"text-align: left;\"><span>2012: Hradi\u0161\u0165an &#8211; 98.000 K\u010d<\/span><\/p>\n<p style=\"text-align: left;\"><span>2013: Brat\u0159i Ebeni &#8211; 84.000 K\u010d<\/span><\/p>\n<p style=\"text-align: left;\"><span>2014: Ond\u0159ej Havelka a Melody Makers &#8211; 107.000 K\u010d<\/span><\/p>\n<p style=\"text-align: left;\"><span>2015: Spiritual kvintet &#8211; 92.000 K\u010d<\/span><\/p>\n<p style=\"text-align: left;\"><span>2016: The Tap Tap &#8211; 100.000 K\u010d<\/span><\/p>\n<p style=\"text-align: left;\"><span>2017: Trio Opera divas &#8211; 57.000 K\u010d<\/span><\/p>\n<p style=\"text-align: left;\"><span>2018: Eva Urbanov\u00e1 &#8211; 165.750 K\u010d<\/span><\/p>\n<p style=\"text-align: left;\"><span>2019: Jaroslav Uhl\u00ed\u0159 &#8211; 46.780 K\u010d<\/span><\/p>\n<p style=\"text-align: left;\"><span>2020: Tom\u00e1\u0161 Klus &#8211; 200.550 K\u010d<\/span><\/p>\n<p style=\"text-align: left;\"><span>2021: Vladim\u00edr Hron &amp; The Drops &#8211; 50.000 K\u010d<\/span><\/p>\n<p>[\/et_pb_text][\/et_pb_column][\/et_pb_row][et_pb_row _builder_version=&#8220;3.25&#8243;][et_pb_column type=&#8220;4_4&#8243; _builder_version=&#8220;3.25&#8243; custom_padding=&#8220;|||&#8220; custom_padding__hover=&#8220;|||&#8220;][et_pb_blog fullwidth=&#8220;off&#8220; posts_number=&#8220;100&#8243; include_categories=&#8220;7&#8243; excerpt_length=&#8220;170&#8243; show_more=&#8220;on&#8220; show_author=&#8220;off&#8220; show_date=&#8220;off&#8220; show_categories=&#8220;off&#8220; _builder_version=&#8220;4.9.2&#8243; header_font=&#8220;Playfair Display|700|||||||&#8220; header_text_color=&#8220;#1b1b22&#8243; header_font_size=&#8220;18px&#8220; header_line_height=&#8220;1.5em&#8220; body_font=&#8220;Poppins||||||||&#8220; body_text_color=&#8220;rgba(0,0,0,0.4)&#8220; body_line_height=&#8220;1.9em&#8220; meta_font=&#8220;Poppins|600||on|||||&#8220; meta_text_color=&#8220;rgba(0,0,0,0.2)&#8220; meta_font_size=&#8220;12px&#8220; meta_line_height=&#8220;1.8em&#8220; pagination_font=&#8220;||||||||&#8220; animation_style=&#8220;fade&#8220; border_width_all=&#8220;0px&#8220; border_color_all=&#8220;#d8d8d8&#8243; border_style_all=&#8220;solid&#8220; border_width_all_fullwidth=&#8220;0px&#8220; border_color_all_fullwidth=&#8220;#d8d8d8&#8243; border_style_all_fullwidth=&#8220;solid&#8220; box_shadow_style=&#8220;preset1&#8243; box_shadow_vertical=&#8220;40px&#8220; box_shadow_blur=&#8220;50px&#8220; box_shadow_color=&#8220;rgba(0,0,0,0.05)&#8220; use_border_color=&#8220;on&#8220; border_width=&#8220;0px&#8220;][\/et_pb_blog][\/et_pb_column][\/et_pb_row][\/et_pb_section]<\/p>\n","protected":false},"excerpt":{"rendered":"<p>[et_pb_section fb_built=&#8220;1&#8243; _builder_version=&#8220;4.9.2&#8243; _module_preset=&#8220;default&#8220;][et_pb_row _builder_version=&#8220;4.9.2&#8243; _module_preset=&#8220;default&#8220;][et_pb_column type=&#8220;4_4&#8243; _builder_version=&#8220;4.9.2&#8243; _module_preset=&#8220;default&#8220;][et_pb_text _builder_version=&#8220;4.9.2&#8243; text_font=&#8220;||||||||&#8220; header_font=&#8220;||||||||&#8220; header_text_align=&#8220;left&#8220; header_text_color=&#8220;#2b2b2b&#8220; header_line_height=&#8220;1.3em&#8220; header_2_font=&#8220;Playfair Display|700|||||||&#8220; header_2_text_align=&#8220;left&#8220; header_2_text_color=&#8220;#2b2b2b&#8220; header_2_font_size=&#8220;42px&#8220; header_2_line_height=&#8220;1.5em&#8220; text_orientation=&#8220;center&#8220; module_alignment=&#8220;center&#8220; custom_margin=&#8220;||10px|&#8220; locked=&#8220;off&#8220;] Benefi\u010dn\u00ed koncerty [\/et_pb_text][et_pb_divider color=&#8220;#f7d584&#8243; divider_weight=&#8220;3px&#8220; disabled_on=&#8220;on|on|off&#8220; _builder_version=&#8220;3.2&#8243; max_width=&#8220;80px&#8220; module_alignment=&#8220;left&#8220; height=&#8220;10px&#8220; custom_margin=&#8220;||20px|&#8220; animation_style=&#8220;slide&#8220; animation_direction=&#8220;bottom&#8220; saved_tabs=&#8220;all&#8220; locked=&#8220;off&#8220;][\/et_pb_divider][\/et_pb_column][\/et_pb_row][et_pb_row make_equal=&#8220;on&#8220; _builder_version=&#8220;4.9.2&#8243; module_alignment=&#8220;center&#8220; custom_margin=&#8220;|auto|-1px|auto||&#8220; custom_padding=&#8220;0px||0px|&#8220; hover_enabled=&#8220;0&#8243; box_shadow_style=&#8220;preset3&#8243; box_shadow_vertical=&#8220;40px&#8220; box_shadow_blur=&#8220;50px&#8220; box_shadow_color=&#8220;rgba(0,0,0,0.1)&#8220; sticky_enabled=&#8220;0&#8243;][et_pb_column type=&#8220;4_4&#8243; _builder_version=&#8220;4.9.2&#8243; background_color_gradient_direction=&#8220;35deg&#8220; custom_padding=&#8220;|5%||5%&#8220; [&hellip;]<\/p>\n","protected":false},"author":2,"featured_media":0,"parent":0,"menu_order":0,"comment_status":"closed","ping_status":"closed","template":"","meta":{"_et_pb_use_builder":"on","_et_pb_old_content":"","_et_gb_content_width":""},"_links":{"self":[{"href":"https:\/\/www.nadacnifondkalich.cz\/index.php\/wp-json\/wp\/v2\/pages\/1253"}],"collection":[{"href":"https:\/\/www.nadacnifondkalich.cz\/index.php\/wp-json\/wp\/v2\/pages"}],"about":[{"href":"https:\/\/www.nadacnifondkalich.cz\/index.php\/wp-json\/wp\/v2\/types\/page"}],"author":[{"embeddable":true,"href":"https:\/\/www.nadacnifondkalich.cz\/index.php\/wp-json\/wp\/v2\/users\/2"}],"replies":[{"embeddable":true,"href":"https:\/\/www.nadacnifondkalich.cz\/index.php\/wp-json\/wp\/v2\/comments?post=1253"}],"version-history":[{"count":6,"href":"https:\/\/www.nadacnifondkalich.cz\/index.php\/wp-json\/wp\/v2\/pages\/1253\/revisions"}],"predecessor-version":[{"id":1801,"href":"https:\/\/www.nadacnifondkalich.cz\/index.php\/wp-json\/wp\/v2\/pages\/1253\/revisions\/1801"}],"wp:attachment":[{"href":"https:\/\/www.nadacnifondkalich.cz\/index.php\/wp-json\/wp\/v2\/media?parent=1253"}],"curies":[{"name":"wp","href":"https:\/\/api.w.org\/{rel}","templated":true}]}}