{"id":12,"date":"2021-03-25T12:21:58","date_gmt":"2021-03-25T12:21:58","guid":{"rendered":"https:\/\/www.nadacnifondkalich.cz\/?page_id=12"},"modified":"2024-05-27T07:20:25","modified_gmt":"2024-05-27T07:20:25","slug":"hlavni-strana","status":"publish","type":"page","link":"https:\/\/www.nadacnifondkalich.cz\/","title":{"rendered":"Hlavn\u00ed strana"},"content":{"rendered":"<p>[et_pb_section fb_built=&#8220;1&#8243; admin_label=&#8220;Hero Section&#8220; _builder_version=&#8220;4.9.2&#8243; use_background_color_gradient=&#8220;on&#8220; background_color_gradient_start=&#8220;rgba(107,107,107,0.13)&#8220; background_color_gradient_end=&#8220;rgba(0,0,0,0.27)&#8220; background_color_gradient_direction=&#8220;176deg&#8220; background_color_gradient_start_position=&#8220;28%&#8220; background_color_gradient_overlays_image=&#8220;on&#8220; background_image=&#8220;https:\/\/www.nadacnifondkalich.cz\/wp-content\/uploads\/2021\/03\/1200px-Litomerice_Dum_U_kalicha-e1618990884418.jpeg&#8220; background_position=&#8220;top_center&#8220; custom_padding=&#8220;100px|0px|100px|0px&#8220; animation_style=&#8220;slide&#8220; animation_direction=&#8220;top&#8220; animation_intensity_slide=&#8220;2%&#8220; animation_starting_opacity=&#8220;100%&#8220;][et_pb_row _builder_version=&#8220;4.9.2&#8243; max_width=&#8220;800px&#8220; use_custom_width=&#8220;on&#8220; custom_width_px=&#8220;1440px&#8220;][et_pb_column type=&#8220;4_4&#8243; _builder_version=&#8220;3.25&#8243; custom_padding=&#8220;|||&#8220; custom_padding__hover=&#8220;|||&#8220;][et_pb_text _builder_version=&#8220;4.9.2&#8243; text_font=&#8220;||||||||&#8220; header_font=&#8220;Playfair Display|700|||||||&#8220; header_text_color=&#8220;#ffffff&#8220; header_font_size=&#8220;55px&#8220; header_line_height=&#8220;1.5em&#8220; header_2_font=&#8220;||||||||&#8220; header_3_font=&#8220;||||||||&#8220; header_4_font=&#8220;||||||||&#8220; header_5_font=&#8220;||||||||&#8220; header_6_font=&#8220;||||||||&#8220; custom_margin=&#8220;||20px|&#8220; locked=&#8220;off&#8220;]<\/p>\n<h1>Nada\u010dn\u00ed fond Kalich<\/h1>\n<p>[\/et_pb_text][et_pb_divider color=&#8220;#f7d584&#8243; divider_weight=&#8220;3px&#8220; disabled_on=&#8220;on|on|off&#8220; _builder_version=&#8220;3.2&#8243; max_width=&#8220;80px&#8220; module_alignment=&#8220;left&#8220; height=&#8220;10px&#8220; custom_margin=&#8220;||20px|&#8220; animation_style=&#8220;slide&#8220; animation_direction=&#8220;bottom&#8220; saved_tabs=&#8220;all&#8220; locked=&#8220;off&#8220;][\/et_pb_divider][et_pb_text _builder_version=&#8220;4.9.2&#8243; text_font=&#8220;Poppins||||||||&#8220; text_text_color=&#8220;rgba(255,255,255,0.8)&#8220; text_font_size=&#8220;18px&#8220; text_line_height=&#8220;1.8em&#8220; header_font=&#8220;||||||||&#8220; locked=&#8220;off&#8220;]<\/p>\n<p>V\u011bnujeme se charitativn\u00ed \u010dinnosti na Litom\u011b\u0159icku ji\u017e od roku 2006. Posl\u00e1n\u00edm fondu je <span class=\"s1\">podpora spolkov\u00e9 \u010dinnosti, m\u00edstn\u00edch tradic, kulturn\u00edho a spole\u010densk\u00e9ho \u017eivota litom\u011b\u0159ick\u00e9ho a sl\u00e1nsk\u00e9ho regionu.<\/span><\/p>\n<p>[\/et_pb_text][et_pb_button button_url=&#8220;https:\/\/www.nadacnifondkalich.cz\/index.php\/jak-pomahame\/&#8220; button_text=&#8220;\u010c\u00edst v\u00edce&#8220; _builder_version=&#8220;4.9.2&#8243; custom_button=&#8220;on&#8220; button_text_size=&#8220;14px&#8220; button_text_color=&#8220;rgba(0,0,0,0.7)&#8220; button_bg_color=&#8220;#f7d584&#8243; button_border_width=&#8220;0px&#8220; button_border_radius=&#8220;0px&#8220; button_letter_spacing=&#8220;2px&#8220; button_font=&#8220;Poppins|600||on|||||&#8220; button_use_icon=&#8220;off&#8220; custom_margin=&#8220;20px|||&#8220; custom_padding=&#8220;12px|28px|12px|28px&#8220; box_shadow_style=&#8220;preset1&#8243; box_shadow_vertical=&#8220;10px&#8220; box_shadow_blur=&#8220;30px&#8220; box_shadow_color=&#8220;rgba(0,0,0,0.2)&#8220; button_letter_spacing_hover=&#8220;2px&#8220; button_text_size__hover_enabled=&#8220;off&#8220; button_one_text_size__hover_enabled=&#8220;off&#8220; button_two_text_size__hover_enabled=&#8220;off&#8220; button_text_color__hover_enabled=&#8220;off&#8220; button_one_text_color__hover_enabled=&#8220;off&#8220; button_two_text_color__hover_enabled=&#8220;off&#8220; button_border_width__hover_enabled=&#8220;off&#8220; button_one_border_width__hover_enabled=&#8220;off&#8220; button_two_border_width__hover_enabled=&#8220;off&#8220; button_border_color__hover_enabled=&#8220;off&#8220; button_one_border_color__hover_enabled=&#8220;off&#8220; button_two_border_color__hover_enabled=&#8220;off&#8220; button_border_radius__hover_enabled=&#8220;off&#8220; button_one_border_radius__hover_enabled=&#8220;off&#8220; button_two_border_radius__hover_enabled=&#8220;off&#8220; button_letter_spacing__hover_enabled=&#8220;on&#8220; button_letter_spacing__hover=&#8220;2px&#8220; button_one_letter_spacing__hover_enabled=&#8220;off&#8220; button_two_letter_spacing__hover_enabled=&#8220;off&#8220; button_bg_color__hover_enabled=&#8220;off&#8220; button_one_bg_color__hover_enabled=&#8220;off&#8220; button_two_bg_color__hover_enabled=&#8220;off&#8220;][\/et_pb_button][\/et_pb_column][\/et_pb_row][\/et_pb_section][et_pb_section fb_built=&#8220;1&#8243; admin_label=&#8220;About Us &#8220; _builder_version=&#8220;3.22&#8243; custom_padding=&#8220;125px|0px|120px|0px||&#8220;][et_pb_row column_structure=&#8220;1_2,1_2&#8243; _builder_version=&#8220;4.9.2&#8243; module_alignment=&#8220;center&#8220; custom_margin=&#8220;|||&#8220; custom_padding=&#8220;|||&#8220;][et_pb_column type=&#8220;1_2&#8243; _builder_version=&#8220;3.25&#8243; background_color_gradient_direction=&#8220;35deg&#8220; custom_padding=&#8220;|60px||&#8220; custom_padding__hover=&#8220;|||&#8220;][et_pb_text _builder_version=&#8220;4.9.2&#8243; text_font=&#8220;||||||||&#8220; header_font=&#8220;||||||||&#8220; header_text_align=&#8220;left&#8220; header_text_color=&#8220;#2b2b2b&#8220; header_line_height=&#8220;1.3em&#8220; header_2_font=&#8220;Playfair Display|700|||||||&#8220; header_2_text_align=&#8220;left&#8220; header_2_text_color=&#8220;#2b2b2b&#8220; header_2_font_size=&#8220;42px&#8220; header_2_line_height=&#8220;1.5em&#8220; text_orientation=&#8220;center&#8220; module_alignment=&#8220;center&#8220; custom_margin=&#8220;||10px|&#8220;]<\/p>\n<h2>O n\u00e1s<\/h2>\n<p>[\/et_pb_text][et_pb_divider color=&#8220;#f7d584&#8243; divider_weight=&#8220;3px&#8220; disabled_on=&#8220;on|on|off&#8220; _builder_version=&#8220;3.2&#8243; max_width=&#8220;80px&#8220; module_alignment=&#8220;left&#8220; height=&#8220;10px&#8220; custom_margin=&#8220;||20px|&#8220; animation_style=&#8220;slide&#8220; animation_direction=&#8220;bottom&#8220; saved_tabs=&#8220;all&#8220; locked=&#8220;off&#8220;][\/et_pb_divider][et_pb_text _builder_version=&#8220;4.9.2&#8243; text_font=&#8220;Poppins||||||||&#8220; text_text_color=&#8220;rgba(0,0,0,0.4)&#8220; text_font_size=&#8220;16px&#8220; text_line_height=&#8220;1.9em&#8220; header_font=&#8220;||||||||&#8220; header_2_font=&#8220;||||||||&#8220; module_alignment=&#8220;center&#8220; custom_margin=&#8220;||70px|||&#8220;]<\/p>\n<p class=\"p1\"><span class=\"s1\"><b>SRDCE KALICHU BIJE PRO V\u00c1S<\/b><\/span><\/p>\n<p>Nada\u010dn\u00ed fond Kalich zalo\u017eil v\u00a0roce 2006 sou\u010dasn\u00fd europoslanec RNDr. Alexandr Vondra, kter\u00fd byl pr\u00e1v\u011b v\u00a0roce 2006 zvolen\u00fd sen\u00e1torem za Litom\u011b\u0159icko, Roudnicko a Sl\u00e1nsko.<\/p>\n<p>Svou aktivitu Kalich nep\u0159estal vyv\u00edjet ani pot\u00e9, co Alexandr Vondra o \u0161est let pozd\u011bji sv\u016fj mand\u00e1t ji\u017e neobh\u00e1jil. Naopak fond roz\u0161\u00ed\u0159il spektrum \u010dinnosti o dal\u0161\u00ed zaj\u00edmav\u00e9 akce podporuj\u00edc\u00ed Litom\u011b\u0159icko, Roudnicko a Sl\u00e1nsko.<\/p>\n<p>Za dobu sv\u00e9 \u010dinnosti rozd\u011blili \u010dlenov\u00e9 spr\u00e1vn\u00ed rady p\u0159es t\u0159i miliony korun. Podpo\u0159eny byly des\u00edtky subjekt\u016f, n\u011bkter\u00e9 \u2013 jako nap\u0159\u00edklad Hospic sv. \u0160t\u011bp\u00e1na, litom\u011b\u0159ick\u00fd Klok\u00e1nek, Sl\u00e1nsk\u00e9 jazzov\u00e9 dny, Be\u0159kovick\u00fd podzim apod. \u2013 opakovan\u011b.<\/p>\n<p>D\u011bje se tak v\u00a0souladu s\u00a0posl\u00e1n\u00edm fondu, kter\u00fdm je podpora spolkov\u00e9 \u010dinnosti, m\u00edstn\u00edch\u00a0tradic, kulturn\u00edho a spole\u010densk\u00e9ho \u017eivota litom\u011b\u0159ick\u00e9ho a sl\u00e1nsk\u00e9ho regionu.\u00a0<\/p>\n<p>[\/et_pb_text][et_pb_image src=&#8220;https:\/\/www.nadacnifondkalich.cz\/wp-content\/uploads\/2021\/03\/k-4.jpg&#8220; title_text=&#8220;k&#8220; align=&#8220;center&#8220; _builder_version=&#8220;4.9.2&#8243; custom_margin=&#8220;-15px|40px|40px|-40px|false|false&#8220; custom_padding=&#8220;4px|||||&#8220; animation_style=&#8220;zoom&#8220; animation_direction=&#8220;right&#8220; animation_intensity_zoom=&#8220;6%&#8220; animation_starting_opacity=&#8220;100%&#8220; box_shadow_style=&#8220;preset3&#8243; box_shadow_horizontal=&#8220;13px&#8220; box_shadow_vertical=&#8220;42px&#8220; box_shadow_blur=&#8220;45px&#8220; box_shadow_spread=&#8220;-3px&#8220; box_shadow_color=&#8220;rgba(0,0,0,0.1)&#8220; always_center_on_mobile=&#8220;off&#8220;][\/et_pb_image][\/et_pb_column][et_pb_column type=&#8220;1_2&#8243; _builder_version=&#8220;4.9.2&#8243; background_color_gradient_direction=&#8220;115deg&#8220; custom_padding=&#8220;|||&#8220; custom_padding__hover=&#8220;|||&#8220;][et_pb_image src=&#8220;https:\/\/www.nadacnifondkalich.cz\/wp-content\/uploads\/2024\/05\/15-Koncert-pro-hospic-2023-scaled.jpg&#8220; title_text=&#8220;15 &#8211; Koncert pro hospic 2023&#8243; show_bottom_space=&#8220;off&#8220; _builder_version=&#8220;4.9.2&#8243; width=&#8220;70%&#8220; animation_style=&#8220;slide&#8220; animation_direction=&#8220;top&#8220; animation_intensity_slide=&#8220;6%&#8220; animation_starting_opacity=&#8220;100%&#8220; hover_enabled=&#8220;0&#8243; box_shadow_style=&#8220;preset1&#8243; box_shadow_vertical=&#8220;10px&#8220; box_shadow_blur=&#8220;100px&#8220; box_shadow_color=&#8220;rgba(0,0,0,0.2)&#8220; always_center_on_mobile=&#8220;off&#8220; sticky_enabled=&#8220;0&#8243;][\/et_pb_image][et_pb_text _builder_version=&#8220;4.9.2&#8243; text_font=&#8220;Poppins||||||||&#8220; text_text_color=&#8220;rgba(0,0,0,0.4)&#8220; text_font_size=&#8220;16px&#8220; text_line_height=&#8220;1.9em&#8220; header_font=&#8220;||||||||&#8220; header_2_font=&#8220;||||||||&#8220; width=&#8220;100%&#8220; module_alignment=&#8220;center&#8220; custom_margin=&#8220;60px||30px|||&#8220;]<\/p>\n<p class=\"p1\"><span class=\"s1\">Kalich vykazuje\u00a0minim\u00e1ln\u00ed provozn\u00ed n\u00e1klady. Je tomu tak z\u00e1sluhou ob\u011btav\u00e9 \u010dinnosti \u010dlen\u016f spr\u00e1vn\u00ed rady (RNDr. Alexandr Vondra, MUDr. Pavel Kej\u0159, Ing. Josef B\u00ed\u017ea, Ing. Anton\u00edn Ku\u010dera, CSc., Tom\u00e1\u0161 Hlav\u00e1\u010dek), mana\u017eerce fondu (Ing. Eva B\u0159e\u0148ov\u00e1) a jeho revizorovi (Ji\u0159\u00ed Hak), kte\u0159\u00ed pracuj\u00ed ve prosp\u011bch nada\u010dn\u00edho fondu bez n\u00e1roku na honor\u00e1\u0159. Neodmyslitelnou sou\u010d\u00e1st\u00ed jsou pak d\u00e1rci a podporovatel\u00e9, bez nich\u017e by fond nemohl fungovat. V\u0161em, obzvl\u00e1\u0161t\u011b pak Severo\u010desk\u00e9 vod\u00e1rensk\u00e9 spole\u010dnosti, pat\u0159\u00ed velk\u00e9 pod\u011bkov\u00e1n\u00ed.<\/span><\/p>\n<p>[\/et_pb_text][\/et_pb_column][\/et_pb_row][\/et_pb_section]<\/p>\n","protected":false},"excerpt":{"rendered":"<p>[et_pb_section fb_built=&#8220;1&#8243; admin_label=&#8220;Hero Section&#8220; _builder_version=&#8220;4.9.2&#8243; use_background_color_gradient=&#8220;on&#8220; background_color_gradient_start=&#8220;rgba(107,107,107,0.13)&#8220; background_color_gradient_end=&#8220;rgba(0,0,0,0.27)&#8220; background_color_gradient_direction=&#8220;176deg&#8220; background_color_gradient_start_position=&#8220;28%&#8220; background_color_gradient_overlays_image=&#8220;on&#8220; background_image=&#8220;https:\/\/www.nadacnifondkalich.cz\/wp-content\/uploads\/2021\/03\/1200px-Litomerice_Dum_U_kalicha-e1618990884418.jpeg&#8220; background_position=&#8220;top_center&#8220; custom_padding=&#8220;100px|0px|100px|0px&#8220; animation_style=&#8220;slide&#8220; animation_direction=&#8220;top&#8220; animation_intensity_slide=&#8220;2%&#8220; animation_starting_opacity=&#8220;100%&#8220;][et_pb_row _builder_version=&#8220;4.9.2&#8243; max_width=&#8220;800px&#8220; use_custom_width=&#8220;on&#8220; custom_width_px=&#8220;1440px&#8220;][et_pb_column type=&#8220;4_4&#8243; _builder_version=&#8220;3.25&#8243; custom_padding=&#8220;|||&#8220; custom_padding__hover=&#8220;|||&#8220;][et_pb_text _builder_version=&#8220;4.9.2&#8243; text_font=&#8220;||||||||&#8220; header_font=&#8220;Playfair Display|700|||||||&#8220; header_text_color=&#8220;#ffffff&#8220; header_font_size=&#8220;55px&#8220; header_line_height=&#8220;1.5em&#8220; header_2_font=&#8220;||||||||&#8220; header_3_font=&#8220;||||||||&#8220; header_4_font=&#8220;||||||||&#8220; header_5_font=&#8220;||||||||&#8220; header_6_font=&#8220;||||||||&#8220; custom_margin=&#8220;||20px|&#8220; locked=&#8220;off&#8220;] Nada\u010dn\u00ed fond Kalich [\/et_pb_text][et_pb_divider color=&#8220;#f7d584&#8243; divider_weight=&#8220;3px&#8220; disabled_on=&#8220;on|on|off&#8220; _builder_version=&#8220;3.2&#8243; max_width=&#8220;80px&#8220; module_alignment=&#8220;left&#8220; height=&#8220;10px&#8220; custom_margin=&#8220;||20px|&#8220; animation_style=&#8220;slide&#8220; animation_direction=&#8220;bottom&#8220; saved_tabs=&#8220;all&#8220; [&hellip;]<\/p>\n","protected":false},"author":2,"featured_media":0,"parent":0,"menu_order":0,"comment_status":"closed","ping_status":"closed","template":"","meta":{"_et_pb_use_builder":"on","_et_pb_old_content":"","_et_gb_content_width":""},"_links":{"self":[{"href":"https:\/\/www.nadacnifondkalich.cz\/index.php\/wp-json\/wp\/v2\/pages\/12"}],"collection":[{"href":"https:\/\/www.nadacnifondkalich.cz\/index.php\/wp-json\/wp\/v2\/pages"}],"about":[{"href":"https:\/\/www.nadacnifondkalich.cz\/index.php\/wp-json\/wp\/v2\/types\/page"}],"author":[{"embeddable":true,"href":"https:\/\/www.nadacnifondkalich.cz\/index.php\/wp-json\/wp\/v2\/users\/2"}],"replies":[{"embeddable":true,"href":"https:\/\/www.nadacnifondkalich.cz\/index.php\/wp-json\/wp\/v2\/comments?post=12"}],"version-history":[{"count":36,"href":"https:\/\/www.nadacnifondkalich.cz\/index.php\/wp-json\/wp\/v2\/pages\/12\/revisions"}],"predecessor-version":[{"id":2116,"href":"https:\/\/www.nadacnifondkalich.cz\/index.php\/wp-json\/wp\/v2\/pages\/12\/revisions\/2116"}],"wp:attachment":[{"href":"https:\/\/www.nadacnifondkalich.cz\/index.php\/wp-json\/wp\/v2\/media?parent=12"}],"curies":[{"name":"wp","href":"https:\/\/api.w.org\/{rel}","templated":true}]}}